{"id":1270,"date":"2018-02-18T14:00:52","date_gmt":"2018-02-18T13:00:52","guid":{"rendered":"http:\/\/www.jaroslawnowak.pl\/wordpress\/?page_id=1270"},"modified":"2018-02-18T14:00:52","modified_gmt":"2018-02-18T13:00:52","slug":"mapa-strony","status":"publish","type":"page","link":"http:\/\/www.jaroslawnowak.pl\/wordpress\/mapa-strony\/","title":{"rendered":"Mapa strony"},"content":{"rendered":"<h4><code><style type=\"text\/css\">.simple-sitemap-container-6a06fda87bd9e.tab-enabled .panel { border-top: 4px solid #de5737; } .simple-sitemap-container-6a06fda87bd9e.tab-enabled input:checked + label { background-color: #de5737; } .simple-sitemap-container-6a06fda87bd9e.tab-enabled input:checked + label > * { color: #ffffff; } .simple-sitemap-container-6a06fda87bd9e.tab-enabled { max-width: ; }.simple-sitemap-container-6a06fda87bd9e { margin: 1em 0 0 0; } <\/style><div class=\"simple-sitemap-container simple-sitemap-container-6a06fda87bd9e tab-disabled\"><div class=\"simple-sitemap-wrap\"><ul class=\"simple-sitemap-post main\"><li class=\"sitemap-item\"><a href=\"http:\/\/www.jaroslawnowak.pl\/wordpress\/2017\/10\/08\/estera\/\">Estera<\/a><\/li><li class=\"sitemap-item\"><a href=\"http:\/\/www.jaroslawnowak.pl\/wordpress\/2017\/12\/13\/goska-i-kaska\/\">Go\u015bka i Ka\u015bka I<\/a><\/li><li class=\"sitemap-item\"><a href=\"http:\/\/www.jaroslawnowak.pl\/wordpress\/2017\/12\/22\/goska-i-kaska-ii\/\">Go\u015bka i Ka\u015bka II<\/a><\/li><li class=\"sitemap-item\"><a href=\"http:\/\/www.jaroslawnowak.pl\/wordpress\/2018\/01\/21\/goska-i-kaska-iii\/\">Go\u015bka i Ka\u015bka III<\/a><\/li><li class=\"sitemap-item\"><a href=\"http:\/\/www.jaroslawnowak.pl\/wordpress\/2017\/10\/03\/kosciolek\/\">Ko\u015bci\u00f3\u0142ek<\/a><\/li><li class=\"sitemap-item\"><a href=\"http:\/\/www.jaroslawnowak.pl\/wordpress\/2017\/10\/31\/764\/\">Ma\u0142a Go\u015bka I<\/a><\/li><li class=\"sitemap-item\"><a href=\"http:\/\/www.jaroslawnowak.pl\/wordpress\/2017\/11\/17\/mala-goska-ii\/\">Ma\u0142a Go\u015bka II<\/a><\/li><li class=\"sitemap-item\"><a href=\"http:\/\/www.jaroslawnowak.pl\/wordpress\/2017\/11\/28\/mala-goska-iii\/\">Ma\u0142a Go\u015bka III<\/a><\/li><li class=\"sitemap-item\"><a href=\"http:\/\/www.jaroslawnowak.pl\/wordpress\/2017\/10\/02\/pierrot\/\">M\u00f3j Pierrot<\/a><\/li><li class=\"sitemap-item\"><a href=\"http:\/\/www.jaroslawnowak.pl\/wordpress\/2017\/08\/10\/nie-jestem-artysta\/\">Nie jestem artyst\u0105<\/a><\/li><li class=\"sitemap-item\"><a href=\"http:\/\/www.jaroslawnowak.pl\/wordpress\/2017\/09\/24\/schody\/\">Schody &#8211; cz\u0119\u015b\u0107 1<\/a><\/li><li class=\"sitemap-item\"><a href=\"http:\/\/www.jaroslawnowak.pl\/wordpress\/2017\/10\/18\/schody-czesc-2\/\">Schody &#8211; cz\u0119\u015b\u0107 2<\/a><\/li><li class=\"sitemap-item\"><a href=\"http:\/\/www.jaroslawnowak.pl\/wordpress\/2017\/08\/17\/slepcy\/\">\u015alepcy<\/a><\/li><li class=\"sitemap-item\"><a href=\"http:\/\/www.jaroslawnowak.pl\/wordpress\/2017\/09\/29\/szklarze\/\">Szklarze<\/a><\/li><li class=\"sitemap-item\"><a href=\"http:\/\/www.jaroslawnowak.pl\/wordpress\/2017\/09\/30\/szpital\/\">Szpital<\/a><\/li><li class=\"sitemap-item\"><a href=\"http:\/\/www.jaroslawnowak.pl\/wordpress\/2017\/10\/21\/welcome-%d1%87%d0%be%d1%80%d0%bd%d0%be%d0%b1%d0%b8%d0%bb%d1%8c-cz-1\/\">Welcome to \u0427\u043e\u0440\u043d\u043e\u0431\u0438\u043b\u044c (cz. 1) &#8211; Historia wybuchu<\/a><\/li><li class=\"sitemap-item\"><a href=\"http:\/\/www.jaroslawnowak.pl\/wordpress\/2017\/10\/25\/welcome-to-%d1%87%d0%be%d1%80%d0%bd%d0%be%d0%b1%d0%b8%d0%bb%d1%8c-cz-2\/\">Welcome to \u0427\u043e\u0440\u043d\u043e\u0431\u0438\u043b\u044c (cz. 2) &#8211; Likwidacja<\/a><\/li><li class=\"sitemap-item\"><a href=\"http:\/\/www.jaroslawnowak.pl\/wordpress\/2017\/11\/03\/oko-moskwy\/\">Welcome to \u0427\u043e\u0440\u043d\u043e\u0431\u0438\u043b\u044c (cz. 3) &#8211; Oko Moskwy<\/a><\/li><li class=\"sitemap-item\"><a href=\"http:\/\/www.jaroslawnowak.pl\/wordpress\/2017\/11\/06\/czarnobyl-prypec\/\">Welcome to \u0427\u043e\u0440\u043d\u043e\u0431\u0438\u043b\u044c (cz. 4) &#8211; Prype\u0107 &#8211; miasto, kt\u00f3re przesta\u0142o by\u0107<\/a><\/li><\/ul><\/div><\/div><br style=\"clear: both;\"><\/code><code><\/code><\/h4>\n","protected":false},"excerpt":{"rendered":"","protected":false},"author":1,"featured_media":0,"parent":0,"menu_order":0,"comment_status":"closed","ping_status":"closed","template":"","meta":{"ngg_post_thumbnail":0},"yoast_head":"<!-- This site is optimized with the Yoast SEO plugin v17.0 - https:\/\/yoast.com\/wordpress\/plugins\/seo\/ -->\n<title>Mapa strony - m\u00f3j punkt widzenia<\/title>\n<meta name=\"robots\" content=\"index, follow, max-snippet:-1, max-image-preview:large, max-video-preview:-1\" \/>\n<link rel=\"canonical\" href=\"http:\/\/www.jaroslawnowak.pl\/wordpress\/mapa-strony\/\" \/>\n<meta property=\"og:locale\" content=\"pl_PL\" \/>\n<meta property=\"og:type\" content=\"article\" \/>\n<meta property=\"og:title\" content=\"Mapa strony - m\u00f3j punkt widzenia\" \/>\n<meta property=\"og:url\" content=\"http:\/\/www.jaroslawnowak.pl\/wordpress\/mapa-strony\/\" \/>\n<meta property=\"og:site_name\" content=\"m\u00f3j punkt widzenia\" \/>\n<meta name=\"twitter:card\" content=\"summary\" \/>\n<script type=\"application\/ld+json\" class=\"yoast-schema-graph\">{\"@context\":\"https:\/\/schema.org\",\"@graph\":[{\"@type\":\"WebSite\",\"@id\":\"http:\/\/www.jaroslawnowak.pl\/wordpress\/#website\",\"url\":\"http:\/\/www.jaroslawnowak.pl\/wordpress\/\",\"name\":\"m\\u00f3j punkt widzenia\",\"description\":\"jaroslawnowak.pl\",\"potentialAction\":[{\"@type\":\"SearchAction\",\"target\":{\"@type\":\"EntryPoint\",\"urlTemplate\":\"http:\/\/www.jaroslawnowak.pl\/wordpress\/?s={search_term_string}\"},\"query-input\":\"required name=search_term_string\"}],\"inLanguage\":\"pl-PL\"},{\"@type\":\"WebPage\",\"@id\":\"http:\/\/www.jaroslawnowak.pl\/wordpress\/mapa-strony\/#webpage\",\"url\":\"http:\/\/www.jaroslawnowak.pl\/wordpress\/mapa-strony\/\",\"name\":\"Mapa strony - m\\u00f3j punkt widzenia\",\"isPartOf\":{\"@id\":\"http:\/\/www.jaroslawnowak.pl\/wordpress\/#website\"},\"datePublished\":\"2018-02-18T13:00:52+00:00\",\"dateModified\":\"2018-02-18T13:00:52+00:00\",\"breadcrumb\":{\"@id\":\"http:\/\/www.jaroslawnowak.pl\/wordpress\/mapa-strony\/#breadcrumb\"},\"inLanguage\":\"pl-PL\",\"potentialAction\":[{\"@type\":\"ReadAction\",\"target\":[\"http:\/\/www.jaroslawnowak.pl\/wordpress\/mapa-strony\/\"]}]},{\"@type\":\"BreadcrumbList\",\"@id\":\"http:\/\/www.jaroslawnowak.pl\/wordpress\/mapa-strony\/#breadcrumb\",\"itemListElement\":[{\"@type\":\"ListItem\",\"position\":1,\"name\":\"Strona g\\u0142\\u00f3wna\",\"item\":\"http:\/\/www.jaroslawnowak.pl\/wordpress\/\"},{\"@type\":\"ListItem\",\"position\":2,\"name\":\"Mapa strony\"}]}]}<\/script>\n<!-- \/ Yoast SEO plugin. -->","yoast_head_json":{"title":"Mapa strony - m\u00f3j punkt widzenia","robots":{"index":"index","follow":"follow","max-snippet":"max-snippet:-1","max-image-preview":"max-image-preview:large","max-video-preview":"max-video-preview:-1"},"canonical":"http:\/\/www.jaroslawnowak.pl\/wordpress\/mapa-strony\/","og_locale":"pl_PL","og_type":"article","og_title":"Mapa strony - m\u00f3j punkt widzenia","og_url":"http:\/\/www.jaroslawnowak.pl\/wordpress\/mapa-strony\/","og_site_name":"m\u00f3j punkt widzenia","twitter_card":"summary","schema":{"@context":"https:\/\/schema.org","@graph":[{"@type":"WebSite","@id":"http:\/\/www.jaroslawnowak.pl\/wordpress\/#website","url":"http:\/\/www.jaroslawnowak.pl\/wordpress\/","name":"m\u00f3j punkt widzenia","description":"jaroslawnowak.pl","potentialAction":[{"@type":"SearchAction","target":{"@type":"EntryPoint","urlTemplate":"http:\/\/www.jaroslawnowak.pl\/wordpress\/?s={search_term_string}"},"query-input":"required name=search_term_string"}],"inLanguage":"pl-PL"},{"@type":"WebPage","@id":"http:\/\/www.jaroslawnowak.pl\/wordpress\/mapa-strony\/#webpage","url":"http:\/\/www.jaroslawnowak.pl\/wordpress\/mapa-strony\/","name":"Mapa strony - m\u00f3j punkt widzenia","isPartOf":{"@id":"http:\/\/www.jaroslawnowak.pl\/wordpress\/#website"},"datePublished":"2018-02-18T13:00:52+00:00","dateModified":"2018-02-18T13:00:52+00:00","breadcrumb":{"@id":"http:\/\/www.jaroslawnowak.pl\/wordpress\/mapa-strony\/#breadcrumb"},"inLanguage":"pl-PL","potentialAction":[{"@type":"ReadAction","target":["http:\/\/www.jaroslawnowak.pl\/wordpress\/mapa-strony\/"]}]},{"@type":"BreadcrumbList","@id":"http:\/\/www.jaroslawnowak.pl\/wordpress\/mapa-strony\/#breadcrumb","itemListElement":[{"@type":"ListItem","position":1,"name":"Strona g\u0142\u00f3wna","item":"http:\/\/www.jaroslawnowak.pl\/wordpress\/"},{"@type":"ListItem","position":2,"name":"Mapa strony"}]}]}},"_links":{"self":[{"href":"http:\/\/www.jaroslawnowak.pl\/wordpress\/wp-json\/wp\/v2\/pages\/1270"}],"collection":[{"href":"http:\/\/www.jaroslawnowak.pl\/wordpress\/wp-json\/wp\/v2\/pages"}],"about":[{"href":"http:\/\/www.jaroslawnowak.pl\/wordpress\/wp-json\/wp\/v2\/types\/page"}],"author":[{"embeddable":true,"href":"http:\/\/www.jaroslawnowak.pl\/wordpress\/wp-json\/wp\/v2\/users\/1"}],"replies":[{"embeddable":true,"href":"http:\/\/www.jaroslawnowak.pl\/wordpress\/wp-json\/wp\/v2\/comments?post=1270"}],"version-history":[{"count":7,"href":"http:\/\/www.jaroslawnowak.pl\/wordpress\/wp-json\/wp\/v2\/pages\/1270\/revisions"}],"predecessor-version":[{"id":1279,"href":"http:\/\/www.jaroslawnowak.pl\/wordpress\/wp-json\/wp\/v2\/pages\/1270\/revisions\/1279"}],"wp:attachment":[{"href":"http:\/\/www.jaroslawnowak.pl\/wordpress\/wp-json\/wp\/v2\/media?parent=1270"}],"curies":[{"name":"wp","href":"https:\/\/api.w.org\/{rel}","templated":true}]}}